{"id":14633,"date":"2025-07-06T21:47:14","date_gmt":"2025-07-07T00:47:14","guid":{"rendered":"https:\/\/jendantas.com\/support-portal\/"},"modified":"2025-09-09T23:07:28","modified_gmt":"2025-09-10T02:07:28","slug":"portail-dassistance","status":"publish","type":"page","link":"https:\/\/jendantas.com\/fr\/portail-dassistance\/","title":{"rendered":"Portail d&#039;assistance"},"content":{"rendered":"<!-- Bloco de Acesso \u2013 Portal de Suporte -->\n<div style=\"font-family: Arial, Helvetica, sans-serif;max-width: 600px;margin: 0 auto;text-align: center\">\n<h2 style=\"margin: 0 0 12px 0;font-size: 24px;color: #0072ff\">Bienvenue sur notre portail d&#039;assistance \ud83d\udc4b<\/h2>\n<p style=\"font-size: 16px;line-height: 1.5;color: #333\">Pour soumettre des demandes et suivre les r\u00e9ponses, connectez-vous ou cr\u00e9ez votre compte gratuit.<\/p>\n<!-- Bot\u00e3o\/shortcode de autentica\u00e7\u00e3o do Fluent Support -->\n<div style=\"margin: 28px 0\"><div class=\"fst_login_form_auth_wrapper\"><div id=\"fst_login_form\" class=\"fst_login_wrapper\"><form name=\"loginform\" id=\"loginform\" action=\"https:\/\/jendantas.com\/wp-login.php\" method=\"post\"><p class=\"login-username\">\n\t\t\t\t<label for=\"user_login\">Identifiant ou adresse e-mail<\/label>\n\t\t\t\t<input type=\"text\" name=\"log\" id=\"user_login\" autocomplete=\"username\" class=\"input\" value=\"\" size=\"20\" \/>\n\t\t\t<\/p><p class=\"login-password\">\n\t\t\t\t<label for=\"user_pass\">Mot de passe<\/label>\n\t\t\t\t<input type=\"password\" name=\"pwd\" id=\"user_pass\" autocomplete=\"current-password\" spellcheck=\"false\" class=\"input\" value=\"\" size=\"20\" \/>\n\t\t\t<\/p><p class=\"login-remember\"><label><input name=\"rememberme\" type=\"checkbox\" id=\"rememberme\" value=\"forever\" checked=\"checked\" \/> Se souvenir de moi<\/label><\/p><p class=\"login-submit\">\n\t\t\t\t<input type=\"submit\" name=\"wp-submit\" id=\"wp-submit\" class=\"button button-primary\" value=\"Se connecter\" \/>\n\t\t\t\t<input type=\"hidden\" name=\"redirect_to\" value=\"https:\/\/jendantas.com\/fr\/portail-dassistance\" \/>\n\t\t\t<\/p><\/form><p style=\"text-align: center\">Vous n\u2019\u00eates pas inscrit\u00a0?  <a href=\"#\" id=\"fs_show_signup\">Cr\u00e9er un compte<\/a><\/p><p style=\"text-align: center\">Mot de passe oubli\u00e9\u00a0? <a href=\"#\" id=\"fs_show_reset_password\">R\u00e9initialiser le mot de passe<\/a><\/p><\/div><div class=\"fst_registration_wrapper hide\"><form id=\"fstRegistrationForm\" class=\"fs_registration_form\" method=\"post\" name=\"fs_registration_form\" action=\"\"><div class=\"fst_registration_fields\"><div class=\"fst_field_group fst_field_first_name\"><div class=\"fst_field_label is-required\"><label for=\"fst_first_name\">Pr\u00e9nom<\/label><\/div><div class=\"fs_input_wrap\"><input type=\"text\" id=\"fst_first_name\" placeholder=\"Pr\u00e9nom\" name=\"first_name\" required=\"required\"  \/><\/div><\/div><\/div><div class=\"fst_registration_fields\"><div class=\"fst_field_group fst_field_last_name\"><div class=\"fst_field_label\"><label for=\"fst_last_name\">Nom<\/label><\/div><div class=\"fs_input_wrap\"><input type=\"text\" id=\"fst_last_name\" placeholder=\"Nom\" name=\"last_name\"  \/><\/div><\/div><\/div><div class=\"fst_registration_fields\"><div class=\"fst_field_group fst_field_username\"><div class=\"fst_field_label is-required\"><label for=\"fst_username\">Nom utilisateur<\/label><\/div><div class=\"fs_input_wrap\"><input type=\"text\" id=\"fst_username\" placeholder=\"Nom utilisateur\" name=\"username\" required=\"required\"  \/><\/div><\/div><\/div><div class=\"fst_registration_fields\"><div class=\"fst_field_group fst_field_email\"><div class=\"fst_field_label is-required\"><label for=\"fst_email\">Adresse e-mail<\/label><\/div><div class=\"fs_input_wrap\"><input type=\"email\" id=\"fst_email\" placeholder=\"Votre adresse e-mail\" name=\"email\" required=\"required\"  \/><\/div><\/div><\/div><div class=\"fst_registration_fields\"><div class=\"fst_field_group fst_field_password\"><div class=\"fst_field_label is-required\"><label for=\"fst_password\">Mot de Passe<\/label><\/div><div class=\"fs_input_wrap\"><input type=\"password\" id=\"fst_password\" placeholder=\"Mot de Passe\" name=\"password\" required=\"required\"  \/><\/div><\/div><\/div><input type=\"hidden\" name=\"__redirect_to\" value=\"https:\/\/jendantas.com\/fr\/portail-dassistance\"><input type=\"hidden\" name=\"_fsupport_signup_nonce\" value=\"c7cfee0f04\"><button type=\"submit\" id=\"fst_submit\"><svg version=\"1.1\" id=\"loader-1\" xmlns=\"http:\/\/www.w3.org\/2000\/svg\" xmlns:xlink=\"http:\/\/www.w3.org\/1999\/xlink\" x=\"0px\" y=\"0px\"\n           width=\"40px\" height=\"20px\" viewbox=\"0 0 50 50\" style=\"enable-background:new 0 0 50 50;\" xml:space=\"preserve\">\n        <path fill=\"#000\" d=\"M43.935,25.145c0-10.318-8.364-18.683-18.683-18.683c-10.318,0-18.683,8.365-18.683,18.683h4.068c0-8.071,6.543-14.615,14.615-14.615c8.072,0,14.615,6.543,14.615,14.615H43.935z\">\n          <animatetransform attributetype=\"xml\"\n            attributename=\"transform\"\n            type=\"rotate\"\n            from=\"0 25 25\"\n            to=\"360 25 25\"\n            dur=\"0.6s\"\n            repeatcount=\"indefinite\"\/>\n          <\/path>\n        <\/svg><span>Inscription<\/span><\/button><input type=\"hidden\" name=\"trp-form-language\" value=\"fr\"\/><\/form><p style=\"text-align: center\">Vous avez d\u00e9j\u00e0 un compte\u00a0?  <a href=\"#\" id=\"fs_show_login\">Connexion<\/a><\/p><\/div><div class=\"fst_reset_pass_wrapper hide\"><form id=\"fstResetPasswordForm\" class=\"fs_reset_pass_form\" method=\"post\" name=\"fs_reset_pass_form\" action=\"\"><div class=\"fst_registration_fields\"><div class=\"fst_field_group fst_field_user_login\"><div class=\"fst_field_label is-required\"><label for=\"fst_reset_email\">Adresse e-mail<\/label><\/div><div class=\"fs_input_wrap\"><input type=\"text\" id=\"fst_reset_email\" placeholder=\"Votre adresse e-mail\" name=\"user_login\" required=\"required\"  \/><\/div><\/div><\/div><input type=\"hidden\" name=\"__redirect_to\" value=\"https:\/\/jendantas.com\/fr\/portail-dassistance\"><input type=\"hidden\" name=\"_fsupport_reset_pass_nonce\" value=\"4a3f0dd88b\"><button type=\"submit\" id=\"fst_reset_pass\"><svg version=\"1.1\" id=\"loader-1\" xmlns=\"http:\/\/www.w3.org\/2000\/svg\" xmlns:xlink=\"http:\/\/www.w3.org\/1999\/xlink\" x=\"0px\" y=\"0px\"\n           width=\"40px\" height=\"20px\" viewbox=\"0 0 50 50\" style=\"enable-background:new 0 0 50 50;\" xml:space=\"preserve\">\n        <path fill=\"#000\" d=\"M43.935,25.145c0-10.318-8.364-18.683-18.683-18.683c-10.318,0-18.683,8.365-18.683,18.683h4.068c0-8.071,6.543-14.615,14.615-14.615c8.072,0,14.615,6.543,14.615,14.615H43.935z\">\n          <animatetransform attributetype=\"xml\"\n            attributename=\"transform\"\n            type=\"rotate\"\n            from=\"0 25 25\"\n            to=\"360 25 25\"\n            dur=\"0.6s\"\n            repeatcount=\"indefinite\"\/>\n          <\/path>\n        <\/svg><span>R\u00e9initialiser le mot de passe<\/span><\/button><input type=\"hidden\" name=\"trp-form-language\" value=\"fr\"\/><\/form><\/div><\/div><\/div>\n<p style=\"font-size: 14px;line-height: 1.4;color: #666\">Vous avez des difficult\u00e9s \u00e0 y acc\u00e9der\u00a0? Contactez-nous sur WhatsApp et nous serons ravis de vous aider.<\/p>\n<\/div>","protected":false},"excerpt":{"rendered":"","protected":false},"author":1,"featured_media":0,"parent":0,"menu_order":0,"comment_status":"closed","ping_status":"closed","template":"","meta":{"footnotes":""},"class_list":["post-14633","page","type-page","status-publish","hentry"],"amp_enabled":true,"_links":{"self":[{"href":"https:\/\/jendantas.com\/fr\/wp-json\/wp\/v2\/pages\/14633","targetHints":{"allow":["GET"]}}],"collection":[{"href":"https:\/\/jendantas.com\/fr\/wp-json\/wp\/v2\/pages"}],"about":[{"href":"https:\/\/jendantas.com\/fr\/wp-json\/wp\/v2\/types\/page"}],"author":[{"embeddable":true,"href":"https:\/\/jendantas.com\/fr\/wp-json\/wp\/v2\/users\/1"}],"replies":[{"embeddable":true,"href":"https:\/\/jendantas.com\/fr\/wp-json\/wp\/v2\/comments?post=14633"}],"version-history":[{"count":1,"href":"https:\/\/jendantas.com\/fr\/wp-json\/wp\/v2\/pages\/14633\/revisions"}],"predecessor-version":[{"id":1001226,"href":"https:\/\/jendantas.com\/fr\/wp-json\/wp\/v2\/pages\/14633\/revisions\/1001226"}],"wp:attachment":[{"href":"https:\/\/jendantas.com\/fr\/wp-json\/wp\/v2\/media?parent=14633"}],"curies":[{"name":"wp","href":"https:\/\/api.w.org\/{rel}","templated":true}]}}