{"id":10013,"date":"2024-10-05T02:25:08","date_gmt":"2024-10-05T05:25:08","guid":{"rendered":"https:\/\/jendantas.com\/?page_id=10013"},"modified":"2025-09-29T21:51:56","modified_gmt":"2025-09-30T00:51:56","slug":"condiciones-de-uso","status":"publish","type":"page","link":"https:\/\/jendantas.com\/es\/condiciones-de-uso\/","title":{"rendered":"Condiciones de uso"},"content":{"rendered":"<div data-elementor-type=\"wp-page\" data-elementor-id=\"10013\" class=\"elementor elementor-10013\" data-elementor-settings=\"{&quot;ha_cmc_init_switcher&quot;:&quot;no&quot;}\" data-elementor-post-type=\"page\">\n\t\t\t\t<div class=\"elementor-element elementor-element-03ad783 e-flex e-con-boxed e-con e-parent\" data-id=\"03ad783\" data-element_type=\"container\" data-e-type=\"container\" data-settings=\"{&quot;_ha_eqh_enable&quot;:false}\">\n\t\t\t\t\t<div class=\"e-con-inner\">\n\t\t\t\t<div class=\"elementor-element elementor-element-d856488 elementor-widget elementor-widget-html\" data-id=\"d856488\" data-element_type=\"widget\" data-e-type=\"widget\" data-widget_type=\"html.default\">\n\t\t\t\t\t<section id=\"terms-of-use\" aria-label=\"Condiciones de uso\">\r\n  <style>\r\n    #terms-of-use, #terms-of-use *{box-sizing:border-box}\r\n    #terms-of-use{position:relative;isolation:isolate;overflow:visible;\r\n      max-width:980px;margin:0 auto 28px;padding:0 16px;\r\n      font-family:system-ui,-apple-system,Segoe UI,Roboto,Ubuntu,Cantarell,\"Helvetica Neue\",Arial;\r\n      color:#1f2937}\r\n    #terms-of-use::after{content:\"\";display:block;clear:both}\r\n\r\n    \/* Tipografia *\/\r\n    #terms-of-use .lead{max-width:760px;line-height:1.7;margin:1rem 0 1.3rem;font-size:16.5px;color:#111827;text-align:center}\r\n    #terms-of-use h2{margin:1.4rem 0 .8rem;font-size:22px;font-weight:800;text-align:center}\r\n    #terms-of-use h3{margin:.9rem 0 .5rem;font-size:18px;font-weight:800}\r\n    #terms-of-use p{line-height:1.7;margin:.6rem 0}\r\n    #terms-of-use ul{margin:.5rem 0 1rem 1.2rem;padding:0}\r\n    #terms-of-use li{margin:.3rem 0;font-size:15px}\r\n\r\n    \/* Links *\/\r\n    #terms-of-use a{color:#4338ca;text-decoration:none}\r\n    #terms-of-use a:hover{text-decoration:underline}\r\n    #terms-of-use a:focus{outline:2px solid #a5b4fc;outline-offset:2px;border-radius:6px}\r\n\r\n    \/* Grid principal (EN | PT) *\/\r\n    #terms-of-use .grid-2{display:grid;gap:24px}\r\n    @media(min-width:820px){\r\n      #terms-of-use .grid-2{grid-template-columns:1fr 1fr}\r\n    }\r\n\r\n    \/* CTA *\/\r\n    #terms-of-use .cta{margin:28px 0;padding:20px;text-align:center;background:#f5f5f4;\r\n      border-radius:14px;box-shadow:0 4px 14px rgba(0,0,0,.08)}\r\n    #terms-of-use .cta a{display:inline-block;margin-top:6px;background:#96947f;color:#fff;\r\n      padding:10px 20px;border-radius:10px;font-weight:700;text-decoration:none}\r\n    #terms-of-use .cta a:hover{filter:brightness(.95)}\r\n\r\n    \/* Endcap *\/\r\n    #terms-of-use .endcap{display:block;clear:both;height:1px;margin:0;padding:0;visibility:hidden}\r\n  <\/style>\r\n\r\n  <article>\r\n    <p class=\"lead\">\r\n      \ud83c\uddfa\ud83c\uddf8 Condiciones de uso (EN) \u2022 \ud83c\udde7\ud83c\uddf7 Condiciones de uso (PT) Compare en paralelo o lea en su idioma preferido.\r\n    <\/p>\r\n\r\n    <div class=\"grid-2\">\r\n      <!-- ===================== EN ===================== -->\r\n      <div>\r\n        <h2>\ud83c\uddfa\ud83c\uddf8 Condiciones de uso<\/h2>\r\n        <p>Estos T\u00e9rminos de Uso rigen el acceso y el uso del sitio web de Jen Dantas (\u201cSitio\u201d). Al acceder o utilizar nuestro Sitio, usted acepta quedar vinculado por estos T\u00e9rminos.<\/p>\r\n\r\n        <h3>1. Aceptaci\u00f3n de los t\u00e9rminos<\/h3>\r\n        <p>Al utilizar el Sitio, usted acepta estos T\u00e9rminos y nuestra Pol\u00edtica de Privacidad.<\/p>\r\n\r\n        <h3>2. Modificaciones de los t\u00e9rminos<\/h3>\r\n        <p>Podemos actualizar estos t\u00e9rminos. Las actualizaciones aparecer\u00e1n en esta p\u00e1gina con la fecha revisada. El uso continuado implica la aceptaci\u00f3n.<\/p>\r\n\r\n        <h3>3. Uso del sitio<\/h3>\r\n        <p>Utilice el Sitio \u00fanicamente para fines l\u00edcitos. No da\u00f1e, deshabilite ni interfiera con el Sitio ni con el uso que hagan otros usuarios.<\/p>\r\n\r\n        <h3>4. Propiedad intelectual<\/h3>\r\n        <p>Todo el contenido es propiedad de Jen Dantas o sus licenciantes y est\u00e1 protegido por la ley. Prohibida su reproducci\u00f3n o distribuci\u00f3n sin autorizaci\u00f3n.<\/p>\r\n\r\n        <h3>5. Descargo de responsabilidad<\/h3>\r\n        <p>Los servicios se proporcionan \u201ctal cual\u201d. No garantizamos un uso ininterrumpido ni libre de errores. Excluimos toda responsabilidad por da\u00f1os indirectos.<\/p>\r\n\r\n        <h3>6. Limitaci\u00f3n de responsabilidad<\/h3>\r\n        <p>La responsabilidad total no exceder\u00e1 el monto que usted pag\u00f3 (si corresponde) por usar el Sitio.<\/p>\r\n\r\n        <h3>7. Enlaces de terceros<\/h3>\r\n        <p>No nos hacemos responsables del contenido ni de las pol\u00edticas de sitios externos.<\/p>\r\n\r\n        <h3>8. Ley aplicable<\/h3>\r\n        <p>Estos t\u00e9rminos se rigen por la ley de Florida. Las disputas se resolver\u00e1n en el condado de Orange, Florida.<\/p>\r\n\r\n        <h3>9. Contacto<\/h3>\r\n        <p>\ud83d\udce7 <a href=\"mailto:contato@jendantas.com\">contato@jendantas.com<\/a><\/p>\r\n      <\/div>\r\n\r\n      <!-- ===================== PT ===================== -->\r\n      <div>\r\n        <h2>\ud83c\udde7\ud83c\uddf7 Condiciones de uso<\/h2>\r\n        <p>Estos T\u00e9rminos de Uso rigen su acceso y uso del sitio web de Jen Dantas. Al utilizar el sitio, usted acepta cumplir con estos T\u00e9rminos.<\/p>\r\n\r\n        <h3>1. Aceptaci\u00f3n de los T\u00e9rminos<\/h3>\r\n        <p>Al utilizar el Sitio, usted declara que ha le\u00eddo y acepta estos T\u00e9rminos y la Pol\u00edtica de Privacidad.<\/p>\r\n\r\n        <h3>2. Modificaciones de los T\u00e9rminos<\/h3>\r\n        <p>Podemos actualizar estas Condiciones. Los cambios se publicar\u00e1n en esta p\u00e1gina con la fecha de revisi\u00f3n. El uso continuado implica la aceptaci\u00f3n.<\/p>\r\n\r\n        <h3>3. Uso del Sitio<\/h3>\r\n        <p>Acepte utilizar el Sitio \u00fanicamente con fines l\u00edcitos. No da\u00f1e, deshabilite ni interfiera con el uso del Sitio por parte de otros visitantes.<\/p>\r\n\r\n        <h3>4. Propiedad intelectual<\/h3>\r\n        <p>Todo el contenido pertenece a Jen Dantas o a sus licenciantes. Se proh\u00edbe la reproducci\u00f3n o distribuci\u00f3n sin autorizaci\u00f3n previa.<\/p>\r\n\r\n        <h3>5. Descargo de responsabilidad<\/h3>\r\n        <p>Los servicios se proporcionan \u201ctal cual\u201d. No garantizamos un uso libre de errores ni de interrupciones. No nos hacemos responsables de los da\u00f1os indirectos.<\/p>\r\n\r\n        <h3>6. Limitaci\u00f3n de responsabilidad<\/h3>\r\n        <p>La responsabilidad total no exceder\u00e1 el importe pagado (si lo hubiere) por el uso del Sitio.<\/p>\r\n\r\n        <h3>7. Enlaces de terceros<\/h3>\r\n        <p>No nos hacemos responsables del contenido ni de las pol\u00edticas de sitios web externos.<\/p>\r\n\r\n        <h3>8. Ley aplicable<\/h3>\r\n        <p>Estos t\u00e9rminos se rigen por las leyes de Florida. Las controversias se resolver\u00e1n en los tribunales del condado de Orange, Florida.<\/p>\r\n\r\n        <h3>9. Contacto<\/h3>\r\n        <p>\ud83d\udce7 <a href=\"mailto:contato@jendantas.com\">contato@jendantas.com<\/a><\/p>\r\n      <\/div>\r\n    <\/div>\r\n\r\n    <!-- CTA -->\r\n    <div class=\"cta\" role=\"region\" aria-label=\"Contacto\">\r\n      <p><strong>\u00bfTienes alguna pregunta sobre las Condiciones de uso?<\/strong><\/p>\r\n      <a href=\"\/es\/contacto\/\">\ud83d\udc49 H\u00e1blame<\/a>\r\n    <\/div>\r\n\r\n    <div class=\"endcap\" aria-hidden=\"true\"><\/div>\r\n  <\/article>\r\n<\/section>\r\n\t\t\t\t<\/div>\n\t\t\t\t\t<\/div>\n\t\t\t\t<\/div>\n\t\t\t\t<\/div>","protected":false},"excerpt":{"rendered":"<p>\ud83c\uddfa\ud83c\uddf8 Terms of Use (EN) \u2022 \ud83c\udde7\ud83c\uddf7 Termos de Uso (PT) Compare lado a lado ou leia no idioma de sua prefer\u00eancia. \ud83c\uddfa\ud83c\uddf8 Terms of Use These Terms of Use govern access to and use of the Jen Dantas website (\u201cSite\u201d). By accessing or using our Site, you agree to be bound by these Terms. [&hellip;]<\/p>\n","protected":false},"author":1,"featured_media":0,"parent":0,"menu_order":0,"comment_status":"closed","ping_status":"closed","template":"","meta":{"footnotes":""},"class_list":["post-10013","page","type-page","status-publish","hentry"],"amp_enabled":true,"_links":{"self":[{"href":"https:\/\/jendantas.com\/es\/wp-json\/wp\/v2\/pages\/10013","targetHints":{"allow":["GET"]}}],"collection":[{"href":"https:\/\/jendantas.com\/es\/wp-json\/wp\/v2\/pages"}],"about":[{"href":"https:\/\/jendantas.com\/es\/wp-json\/wp\/v2\/types\/page"}],"author":[{"embeddable":true,"href":"https:\/\/jendantas.com\/es\/wp-json\/wp\/v2\/users\/1"}],"replies":[{"embeddable":true,"href":"https:\/\/jendantas.com\/es\/wp-json\/wp\/v2\/comments?post=10013"}],"version-history":[{"count":8,"href":"https:\/\/jendantas.com\/es\/wp-json\/wp\/v2\/pages\/10013\/revisions"}],"predecessor-version":[{"id":1002367,"href":"https:\/\/jendantas.com\/es\/wp-json\/wp\/v2\/pages\/10013\/revisions\/1002367"}],"wp:attachment":[{"href":"https:\/\/jendantas.com\/es\/wp-json\/wp\/v2\/media?parent=10013"}],"curies":[{"name":"wp","href":"https:\/\/api.w.org\/{rel}","templated":true}]}}